{"id":115,"date":"2024-08-26T16:58:33","date_gmt":"2024-08-26T16:58:33","guid":{"rendered":"https:\/\/www.iejbasadre.edu.pe\/Sitiow\/?page_id=115"},"modified":"2024-09-24T06:41:01","modified_gmt":"2024-09-24T06:41:01","slug":"inicio-2","status":"publish","type":"page","link":"https:\/\/www.iejbasadre.edu.pe\/Sitiow\/","title":{"rendered":"Inicio"},"content":{"rendered":"\t\t<div data-elementor-type=\"wp-page\" data-elementor-id=\"115\" class=\"elementor elementor-115\">\n\t\t\t\t<div class=\"elementor-element elementor-element-d51ff28 e-con-full e-flex e-con e-parent\" data-id=\"d51ff28\" data-element_type=\"container\">\n\t\t\t\t<div class=\"elementor-element elementor-element-1dd0552 elementor-arrows-position-inside elementor-widget elementor-widget-image-carousel\" data-id=\"1dd0552\" data-element_type=\"widget\" data-settings=\"{&quot;slides_to_show&quot;:&quot;1&quot;,&quot;navigation&quot;:&quot;arrows&quot;,&quot;autoplay&quot;:&quot;yes&quot;,&quot;pause_on_hover&quot;:&quot;yes&quot;,&quot;pause_on_interaction&quot;:&quot;yes&quot;,&quot;autoplay_speed&quot;:5000,&quot;infinite&quot;:&quot;yes&quot;,&quot;effect&quot;:&quot;slide&quot;,&quot;speed&quot;:500}\" data-widget_type=\"image-carousel.default\">\n\t\t\t\t<div class=\"elementor-widget-container\">\n\t\t\t\t\t<div class=\"elementor-image-carousel-wrapper swiper\" dir=\"ltr\">\n\t\t\t<div class=\"elementor-image-carousel swiper-wrapper swiper-image-stretch\" aria-live=\"off\">\n\t\t\t\t\t\t\t\t<div class=\"swiper-slide\" role=\"group\" aria-roledescription=\"slide\" aria-label=\"1 de 5\"><figure class=\"swiper-slide-inner\"><img decoding=\"async\" class=\"swiper-slide-image\" src=\"https:\/\/www.iejbasadre.edu.pe\/Sitiow\/wp-content\/uploads\/2024\/09\/1.png\" alt=\"1\" \/><\/figure><\/div><div class=\"swiper-slide\" role=\"group\" aria-roledescription=\"slide\" aria-label=\"2 de 5\"><figure class=\"swiper-slide-inner\"><img decoding=\"async\" class=\"swiper-slide-image\" src=\"https:\/\/www.iejbasadre.edu.pe\/Sitiow\/wp-content\/uploads\/2024\/09\/3.png\" alt=\"3\" \/><\/figure><\/div><div class=\"swiper-slide\" role=\"group\" aria-roledescription=\"slide\" aria-label=\"3 de 5\"><figure class=\"swiper-slide-inner\"><img decoding=\"async\" class=\"swiper-slide-image\" src=\"https:\/\/www.iejbasadre.edu.pe\/Sitiow\/wp-content\/uploads\/2024\/09\/4.png\" alt=\"4\" \/><\/figure><\/div><div class=\"swiper-slide\" role=\"group\" aria-roledescription=\"slide\" aria-label=\"4 de 5\"><figure class=\"swiper-slide-inner\"><img decoding=\"async\" class=\"swiper-slide-image\" src=\"https:\/\/www.iejbasadre.edu.pe\/Sitiow\/wp-content\/uploads\/2024\/09\/5.3.png\" alt=\"5.3\" \/><\/figure><\/div><div class=\"swiper-slide\" role=\"group\" aria-roledescription=\"slide\" aria-label=\"5 de 5\"><figure class=\"swiper-slide-inner\"><img decoding=\"async\" class=\"swiper-slide-image\" src=\"https:\/\/www.iejbasadre.edu.pe\/Sitiow\/wp-content\/uploads\/2024\/09\/6.1-2.png\" alt=\"6.1\" \/><\/figure><\/div>\t\t\t<\/div>\n\t\t\t\t\t\t\t\t\t\t\t\t<div class=\"elementor-swiper-button elementor-swiper-button-prev\" role=\"button\" tabindex=\"0\">\n\t\t\t\t\t\t<svg aria-hidden=\"true\" class=\"e-font-icon-svg e-eicon-chevron-left\" viewBox=\"0 0 1000 1000\" xmlns=\"http:\/\/www.w3.org\/2000\/svg\"><path d=\"M646 125C629 125 613 133 604 142L308 442C296 454 292 471 292 487 292 504 296 521 308 533L604 854C617 867 629 875 646 875 663 875 679 871 692 858 704 846 713 829 713 812 713 796 708 779 692 767L438 487 692 225C700 217 708 204 708 187 708 171 704 154 692 142 675 129 663 125 646 125Z\"><\/path><\/svg>\t\t\t\t\t<\/div>\n\t\t\t\t\t<div class=\"elementor-swiper-button elementor-swiper-button-next\" role=\"button\" tabindex=\"0\">\n\t\t\t\t\t\t<svg aria-hidden=\"true\" class=\"e-font-icon-svg e-eicon-chevron-right\" viewBox=\"0 0 1000 1000\" xmlns=\"http:\/\/www.w3.org\/2000\/svg\"><path d=\"M696 533C708 521 713 504 713 487 713 471 708 454 696 446L400 146C388 133 375 125 354 125 338 125 325 129 313 142 300 154 292 171 292 187 292 204 296 221 308 233L563 492 304 771C292 783 288 800 288 817 288 833 296 850 308 863 321 871 338 875 354 875 371 875 388 867 400 854L696 533Z\"><\/path><\/svg>\t\t\t\t\t<\/div>\n\t\t\t\t\n\t\t\t\t\t\t\t\t\t<\/div>\n\t\t\t\t<\/div>\n\t\t\t\t<\/div>\n\t\t\t\t<\/div>\n\t\t<div class=\"elementor-element elementor-element-481d4ba e-flex e-con-boxed e-con e-parent\" data-id=\"481d4ba\" data-element_type=\"container\">\n\t\t\t\t\t<div class=\"e-con-inner\">\n\t\t\t\t<div class=\"elementor-element elementor-element-ddda25c elementor-widget elementor-widget-heading\" data-id=\"ddda25c\" data-element_type=\"widget\" data-widget_type=\"heading.default\">\n\t\t\t\t<div class=\"elementor-widget-container\">\n\t\t\t<h2 class=\"elementor-heading-title elementor-size-default\">Mensaje del director<\/h2>\t\t<\/div>\n\t\t\t\t<\/div>\n\t\t\t\t\t<\/div>\n\t\t\t\t<\/div>\n\t\t<div class=\"elementor-element elementor-element-5e96161 e-con-full e-flex e-con e-parent\" data-id=\"5e96161\" data-element_type=\"container\">\n\t\t<div class=\"elementor-element elementor-element-56e7533 e-con-full e-flex e-con e-child\" data-id=\"56e7533\" data-element_type=\"container\">\n\t\t\t\t<div class=\"elementor-element elementor-element-a45e29e elementor-widget__width-initial elementor-widget elementor-widget-image\" data-id=\"a45e29e\" data-element_type=\"widget\" data-widget_type=\"image.default\">\n\t\t\t\t<div class=\"elementor-widget-container\">\n\t\t\t\t\t\t\t\t\t\t\t\t\t<img fetchpriority=\"high\" decoding=\"async\" width=\"516\" height=\"752\" src=\"https:\/\/www.iejbasadre.edu.pe\/Sitiow\/wp-content\/uploads\/2024\/09\/director.jpg\" class=\"attachment-large size-large wp-image-188\" alt=\"\" srcset=\"https:\/\/www.iejbasadre.edu.pe\/Sitiow\/wp-content\/uploads\/2024\/09\/director.jpg 516w, https:\/\/www.iejbasadre.edu.pe\/Sitiow\/wp-content\/uploads\/2024\/09\/director-206x300.jpg 206w\" sizes=\"(max-width: 516px) 100vw, 516px\" \/>\t\t\t\t\t\t\t\t\t\t\t\t\t<\/div>\n\t\t\t\t<\/div>\n\t\t\t\t<\/div>\n\t\t<div class=\"elementor-element elementor-element-5c2816a e-con-full e-flex e-con e-child\" data-id=\"5c2816a\" data-element_type=\"container\">\n\t\t\t\t<div class=\"elementor-element elementor-element-74ec12f elementor-widget elementor-widget-text-editor\" data-id=\"74ec12f\" data-element_type=\"widget\" data-widget_type=\"text-editor.default\">\n\t\t\t\t<div class=\"elementor-widget-container\">\n\t\t\t\t\t\t\t<p><span style=\"color: #000000;\">Es un honor dirigirme a ustedes en esta oportunidad para destacar el gran avance que estamos logrando como instituci\u00f3n educativa en el marco del desarrollo del Proyecto de Investigaci\u00f3n Acci\u00f3n Participativa \u00abEstrategia PRODCOM\u00bb. Este proyecto ha sido una iniciativa innovadora que nos permite integrar el emprendimiento con una visi\u00f3n empresarial y financiera en el coraz\u00f3n de nuestro quehacer pedag\u00f3gico, con el firme prop\u00f3sito de mejorar los aprendizajes de nuestros estudiantes.<\/span><\/p><p><span style=\"color: #000000;\">Nos encontramos en un momento clave para la transformaci\u00f3n de nuestra escuela, y es por ello sabemos que el emprendimiento no solo fomenta la autonom\u00eda y la creatividad, sino que tambi\u00e9n brinda a nuestros j\u00f3venes las competencias necesarias para contribuir al desarrollo de nuestra comunidad. A trav\u00e9s de la Estrategia PRODCOM, nuestros estudiantes no solo aprender\u00e1n a crear proyectos viables, sino que tambi\u00e9n desarrollar\u00e1n una visi\u00f3n financiera s\u00f3lida que les permitir\u00e1 gestionar de manera eficaz sus ideas y proyectos.<\/span><\/p><p><span style=\"color: #000000;\">Invito a toda la comunidad educativa a asumir este reto con compromiso y dedicaci\u00f3n, sabiendo que la educaci\u00f3n que brindamos hoy, la cual es la base para el futuro de nuestros estudiantes y nuestra comunidad. Estoy convencido de que juntos, como equipo, lograremos implementar este enfoque de manera efectiva y sostenida, impactando positivamente en la vida de nuestros estudiantes y en el desarrollo econ\u00f3mico de nuestra regi\u00f3n. Contando siempre con su apoyo y participaci\u00f3n activa para hacer de esta iniciativa un \u00e9xito rotundo. Sigamos avanzando hacia una educaci\u00f3n de calidad que transforma y genera oportunidades reales para nuestros estudiantes.<\/span><\/p><p style=\"text-align: center;\"><span style=\"color: #000000;\">Atentamente,<\/span><\/p><p style=\"text-align: center;\"><span style=\"color: #000000;\">Mg. Nolver Gil Salazar<\/span><br \/><span style=\"color: #000000;\">Director General<\/span><br \/><span style=\"color: #000000;\">I.E. Jorge Basadre \u2013 Lonya Grande<\/span><\/p>\t\t\t\t\t\t<\/div>\n\t\t\t\t<\/div>\n\t\t\t\t<\/div>\n\t\t\t\t<\/div>\n\t\t<div class=\"elementor-element elementor-element-5cd1329 e-flex e-con-boxed e-con e-parent\" data-id=\"5cd1329\" data-element_type=\"container\">\n\t\t\t\t\t<div class=\"e-con-inner\">\n\t\t\t\t<div class=\"elementor-element elementor-element-c142868 elementor-widget elementor-widget-heading\" data-id=\"c142868\" data-element_type=\"widget\" data-widget_type=\"heading.default\">\n\t\t\t\t<div class=\"elementor-widget-container\">\n\t\t\t<h2 class=\"elementor-heading-title elementor-size-default\">\u00bfSomos ganadores del VI concurso de proyectos del FONDEP?<\/h2>\t\t<\/div>\n\t\t\t\t<\/div>\n\t\t\t\t\t<\/div>\n\t\t\t\t<\/div>\n\t\t<div class=\"elementor-element elementor-element-8579c25 e-flex e-con-boxed e-con e-parent\" data-id=\"8579c25\" data-element_type=\"container\">\n\t\t\t\t\t<div class=\"e-con-inner\">\n\t\t<div class=\"elementor-element elementor-element-b8e6a9d e-con-full e-flex e-con e-child\" data-id=\"b8e6a9d\" data-element_type=\"container\">\n\t\t\t\t<div class=\"elementor-element elementor-element-0e23f93 elementor-widget elementor-widget-image\" data-id=\"0e23f93\" data-element_type=\"widget\" data-widget_type=\"image.default\">\n\t\t\t\t<div class=\"elementor-widget-container\">\n\t\t\t\t\t\t\t\t\t\t\t\t\t<img decoding=\"async\" width=\"702\" height=\"1600\" src=\"https:\/\/www.iejbasadre.edu.pe\/Sitiow\/wp-content\/uploads\/2024\/09\/WhatsApp-Image-2024-09-09-at-12.20.31-PM.jpeg\" class=\"attachment-full size-full wp-image-148\" alt=\"\" srcset=\"https:\/\/www.iejbasadre.edu.pe\/Sitiow\/wp-content\/uploads\/2024\/09\/WhatsApp-Image-2024-09-09-at-12.20.31-PM.jpeg 702w, https:\/\/www.iejbasadre.edu.pe\/Sitiow\/wp-content\/uploads\/2024\/09\/WhatsApp-Image-2024-09-09-at-12.20.31-PM-132x300.jpeg 132w, https:\/\/www.iejbasadre.edu.pe\/Sitiow\/wp-content\/uploads\/2024\/09\/WhatsApp-Image-2024-09-09-at-12.20.31-PM-449x1024.jpeg 449w, https:\/\/www.iejbasadre.edu.pe\/Sitiow\/wp-content\/uploads\/2024\/09\/WhatsApp-Image-2024-09-09-at-12.20.31-PM-674x1536.jpeg 674w\" sizes=\"(max-width: 702px) 100vw, 702px\" \/>\t\t\t\t\t\t\t\t\t\t\t\t\t<\/div>\n\t\t\t\t<\/div>\n\t\t\t\t<\/div>\n\t\t<div class=\"elementor-element elementor-element-425418f e-con-full e-flex e-con e-child\" data-id=\"425418f\" data-element_type=\"container\">\n\t\t\t\t<div class=\"elementor-element elementor-element-0b83197 elementor-widget elementor-widget-text-editor\" data-id=\"0b83197\" data-element_type=\"widget\" data-widget_type=\"text-editor.default\">\n\t\t\t\t<div class=\"elementor-widget-container\">\n\t\t\t\t\t\t\t<p style=\"text-align: left;\"><span style=\"color: #000000;\">La\u00a0<\/span><strong><span style=\"font-size: 14pt; line-height: 107%; font-family: Arial, sans-serif; color: #003366;\">Estrategia \u201cProdCom\u201d para fortalecer los aprendizajes a partir de la gesti\u00f3n de la econom\u00eda con la producci\u00f3n y comercializaci\u00f3n de bienes con productos de la zona<\/span><\/strong><span style=\"color: #000000;\">\u00a0se enfoca en fortalecer el aprendizaje pr\u00e1ctico y participativo a trav\u00e9s de la producci\u00f3n y comercializaci\u00f3n de bienes y servicios creados por los estudiantes. Su principal objetivo es vincular el conocimiento te\u00f3rico con la realidad del mercado, promoviendo habilidades emprendedoras, financieras y de trabajo en equipo.\u00a0<\/span><span style=\"color: #000000;\">A trav\u00e9s de PRODCOM, los estudiantes tienen la oportunidad de identificar necesidades del entorno, generar ideas de negocio, desarrollar productos o servicios innovadores, y finalmente, comercializarlos. Este proceso fomenta la creatividad, el liderazgo y la toma de decisiones, habilidades cruciales para su formaci\u00f3n integral.<\/span><\/p><p><span style=\"color: #000000;\">El componente m\u00e1s valioso de esta estrategia es el enfoque participativo, en el que los estudiantes son los protagonistas de su propio aprendizaje. Ellos no solo adquieren competencias t\u00e9cnicas relacionadas con el emprendimiento, sino que tambi\u00e9n fortalecen valores como la responsabilidad, el compromiso y la \u00e9tica en los negocios. Al integrar estos elementos, PRODCOM se convierte en una herramienta poderosa para mejorar los aprendizajes en las instituci\u00f3n educativa, adaptando los contenidos curriculares a las demandas del entorno local y global.<\/span><\/p><p><span style=\"color: #000000; font-family: var( --e-global-typography-text-font-family ), Sans-serif; font-weight: var( --e-global-typography-text-font-weight ); text-align: var(--text-align); background-color: var(--nv-site-bg); font-size: var(--bodyfontsize); letter-spacing: var(--bodyletterspacing); text-transform: var(--bodytexttransform);\">Por tanto, PRODCOM no solo promueve un aprendizaje m\u00e1s significativo, sino que prepara a los estudiantes para enfrentar los desaf\u00edos del mundo real, inculcando una visi\u00f3n empresarial y financiera desde una temprana edad.<\/span><\/p>\t\t\t\t\t\t<\/div>\n\t\t\t\t<\/div>\n\t\t\t\t<\/div>\n\t\t\t\t\t<\/div>\n\t\t\t\t<\/div>\n\t\t<div class=\"elementor-element elementor-element-bfad5c1 e-flex e-con-boxed e-con e-parent\" data-id=\"bfad5c1\" data-element_type=\"container\">\n\t\t\t\t\t<div class=\"e-con-inner\">\n\t\t\t\t<div class=\"elementor-element elementor-element-8bb3f73 elementor-widget elementor-widget-video\" data-id=\"8bb3f73\" data-element_type=\"widget\" data-settings=\"{&quot;youtube_url&quot;:&quot;https:\\\/\\\/www.youtube.com\\\/watch?v=TnlREUKZ1Uc&quot;,&quot;video_type&quot;:&quot;youtube&quot;,&quot;controls&quot;:&quot;yes&quot;}\" data-widget_type=\"video.default\">\n\t\t\t\t<div class=\"elementor-widget-container\">\n\t\t\t\t\t<div class=\"elementor-wrapper elementor-open-inline\">\n\t\t\t<div class=\"elementor-video\"><\/div>\t\t<\/div>\n\t\t\t\t<\/div>\n\t\t\t\t<\/div>\n\t\t\t\t\t<\/div>\n\t\t\t\t<\/div>\n\t\t<div class=\"elementor-element elementor-element-2648e02 e-flex e-con-boxed e-con e-parent\" data-id=\"2648e02\" data-element_type=\"container\">\n\t\t\t\t\t<div class=\"e-con-inner\">\n\t\t\t\t<div class=\"elementor-element elementor-element-d3cbcef elementor-widget elementor-widget-image\" data-id=\"d3cbcef\" data-element_type=\"widget\" data-widget_type=\"image.default\">\n\t\t\t\t<div class=\"elementor-widget-container\">\n\t\t\t\t\t\t\t\t\t\t\t\t\t<img decoding=\"async\" width=\"1024\" height=\"768\" src=\"https:\/\/www.iejbasadre.edu.pe\/Sitiow\/wp-content\/uploads\/2024\/09\/IMG_20240520_135428_237-1024x768.jpg\" class=\"attachment-large size-large wp-image-153\" alt=\"\" srcset=\"https:\/\/www.iejbasadre.edu.pe\/Sitiow\/wp-content\/uploads\/2024\/09\/IMG_20240520_135428_237-1024x768.jpg 1024w, https:\/\/www.iejbasadre.edu.pe\/Sitiow\/wp-content\/uploads\/2024\/09\/IMG_20240520_135428_237-300x225.jpg 300w, https:\/\/www.iejbasadre.edu.pe\/Sitiow\/wp-content\/uploads\/2024\/09\/IMG_20240520_135428_237-768x576.jpg 768w, https:\/\/www.iejbasadre.edu.pe\/Sitiow\/wp-content\/uploads\/2024\/09\/IMG_20240520_135428_237-1536x1152.jpg 1536w, https:\/\/www.iejbasadre.edu.pe\/Sitiow\/wp-content\/uploads\/2024\/09\/IMG_20240520_135428_237-2048x1536.jpg 2048w\" sizes=\"(max-width: 1024px) 100vw, 1024px\" \/>\t\t\t\t\t\t\t\t\t\t\t\t\t<\/div>\n\t\t\t\t<\/div>\n\t\t\t\t\t<\/div>\n\t\t\t\t<\/div>\n\t\t\t\t<\/div>\n\t\t","protected":false},"excerpt":{"rendered":"<p>Mensaje del director Es un honor dirigirme a ustedes en esta oportunidad para destacar el gran avance que estamos logrando como instituci\u00f3n educativa en el marco del desarrollo del Proyecto de Investigaci\u00f3n Acci\u00f3n Participativa \u00abEstrategia PRODCOM\u00bb. Este proyecto ha sido una iniciativa innovadora que nos permite integrar el emprendimiento con una visi\u00f3n empresarial y financiera&hellip;&nbsp;<a href=\"https:\/\/www.iejbasadre.edu.pe\/Sitiow\/\" class=\"\" rel=\"bookmark\">Leer m\u00e1s &raquo;<span class=\"screen-reader-text\">Inicio<\/span><\/a><\/p>\n","protected":false},"author":1,"featured_media":0,"parent":0,"menu_order":0,"comment_status":"closed","ping_status":"closed","template":"page-templates\/template-pagebuilder-full-width.php","meta":{"neve_meta_sidebar":"","neve_meta_container":"","neve_meta_enable_content_width":"","neve_meta_content_width":0,"neve_meta_title_alignment":"","neve_meta_author_avatar":"","neve_post_elements_order":"","neve_meta_disable_header":"","neve_meta_disable_footer":"","neve_meta_disable_title":"","footnotes":""},"class_list":["post-115","page","type-page","status-publish","hentry"],"_links":{"self":[{"href":"https:\/\/www.iejbasadre.edu.pe\/Sitiow\/wp-json\/wp\/v2\/pages\/115","targetHints":{"allow":["GET"]}}],"collection":[{"href":"https:\/\/www.iejbasadre.edu.pe\/Sitiow\/wp-json\/wp\/v2\/pages"}],"about":[{"href":"https:\/\/www.iejbasadre.edu.pe\/Sitiow\/wp-json\/wp\/v2\/types\/page"}],"author":[{"embeddable":true,"href":"https:\/\/www.iejbasadre.edu.pe\/Sitiow\/wp-json\/wp\/v2\/users\/1"}],"replies":[{"embeddable":true,"href":"https:\/\/www.iejbasadre.edu.pe\/Sitiow\/wp-json\/wp\/v2\/comments?post=115"}],"version-history":[{"count":28,"href":"https:\/\/www.iejbasadre.edu.pe\/Sitiow\/wp-json\/wp\/v2\/pages\/115\/revisions"}],"predecessor-version":[{"id":228,"href":"https:\/\/www.iejbasadre.edu.pe\/Sitiow\/wp-json\/wp\/v2\/pages\/115\/revisions\/228"}],"wp:attachment":[{"href":"https:\/\/www.iejbasadre.edu.pe\/Sitiow\/wp-json\/wp\/v2\/media?parent=115"}],"curies":[{"name":"wp","href":"https:\/\/api.w.org\/{rel}","templated":true}]}}