{"id":164,"date":"2024-09-12T04:03:29","date_gmt":"2024-09-12T04:03:29","guid":{"rendered":"https:\/\/www.iejbasadre.edu.pe\/Sitiow\/?page_id=164"},"modified":"2024-09-12T04:11:44","modified_gmt":"2024-09-12T04:11:44","slug":"revista-institucional","status":"publish","type":"page","link":"https:\/\/www.iejbasadre.edu.pe\/Sitiow\/revista-institucional\/","title":{"rendered":"Revista institucional"},"content":{"rendered":"\t\t<div data-elementor-type=\"wp-page\" data-elementor-id=\"164\" class=\"elementor elementor-164\">\n\t\t\t\t<div class=\"elementor-element elementor-element-4157b1b e-flex e-con-boxed e-con e-parent\" data-id=\"4157b1b\" data-element_type=\"container\">\n\t\t\t\t\t<div class=\"e-con-inner\">\n\t\t\t\t<div class=\"elementor-element elementor-element-b9304f6 elementor-widget elementor-widget-heading\" data-id=\"b9304f6\" data-element_type=\"widget\" data-widget_type=\"heading.default\">\n\t\t\t\t<div class=\"elementor-widget-container\">\n\t\t\t<h2 class=\"elementor-heading-title elementor-size-default\">\"Horizontes Basadrinos\"<\/h2>\t\t<\/div>\n\t\t\t\t<\/div>\n\t\t\t\t\t<\/div>\n\t\t\t\t<\/div>\n\t\t<div class=\"elementor-element elementor-element-ec78769 e-flex e-con-boxed e-con e-parent\" data-id=\"ec78769\" data-element_type=\"container\">\n\t\t\t\t\t<div class=\"e-con-inner\">\n\t\t\t\t<div class=\"elementor-element elementor-element-e12440e elementor-widget elementor-widget-text-editor\" data-id=\"e12440e\" data-element_type=\"widget\" data-widget_type=\"text-editor.default\">\n\t\t\t\t<div class=\"elementor-widget-container\">\n\t\t\t\t\t\t\t<p><span style=\"color: #000000;\"><strong>\u00abHorizontes Basadrinos\u00bb<\/strong> es una revista educativa orientada a promover el pensamiento cr\u00edtico, el an\u00e1lisis profundo y la difusi\u00f3n de la educaci\u00f3n desde una perspectiva humanista e hist\u00f3rica, inspirada en la figura de Jorge Basadre, uno de los m\u00e1s influyentes historiadores y educadores peruanos. Esta\u00a0revista promueve un espacio de reflexi\u00f3n para docentes, estudiantes y profesionales vinculados al \u00e1mbito educativo, tomando como base los valores y principios que guiaron el trabajo de Jorge Basadre: el conocimiento hist\u00f3rico como herramienta para comprender la realidad presente y construir el futuro, as\u00ed como el compromiso con la educaci\u00f3n para el desarrollo integral de la sociedad.<\/span><\/p>\t\t\t\t\t\t<\/div>\n\t\t\t\t<\/div>\n\t\t\t\t\t<\/div>\n\t\t\t\t<\/div>\n\t\t<div class=\"elementor-element elementor-element-3827581 e-flex e-con-boxed e-con e-parent\" data-id=\"3827581\" data-element_type=\"container\">\n\t\t\t\t\t<div class=\"e-con-inner\">\n\t\t\t\t<div class=\"elementor-element elementor-element-c5b1e4a elementor-tabs-view-horizontal elementor-widget elementor-widget-tabs\" data-id=\"c5b1e4a\" data-element_type=\"widget\" data-widget_type=\"tabs.default\">\n\t\t\t\t<div class=\"elementor-widget-container\">\n\t\t\t\t\t<div class=\"elementor-tabs\">\n\t\t\t<div class=\"elementor-tabs-wrapper\" role=\"tablist\" >\n\t\t\t\t\t\t\t\t\t<div id=\"elementor-tab-title-2071\" class=\"elementor-tab-title elementor-tab-desktop-title\" aria-selected=\"true\" data-tab=\"1\" role=\"tab\" tabindex=\"0\" aria-controls=\"elementor-tab-content-2071\" aria-expanded=\"false\">Edici\u00f3n 2024<\/div>\n\t\t\t\t\t\t\t\t\t<div id=\"elementor-tab-title-2072\" class=\"elementor-tab-title elementor-tab-desktop-title\" aria-selected=\"false\" data-tab=\"2\" role=\"tab\" tabindex=\"-1\" aria-controls=\"elementor-tab-content-2072\" aria-expanded=\"false\">Edici\u00f3n 2025<\/div>\n\t\t\t\t\t\t\t<\/div>\n\t\t\t<div class=\"elementor-tabs-content-wrapper\" role=\"tablist\" aria-orientation=\"vertical\">\n\t\t\t\t\t\t\t\t\t<div class=\"elementor-tab-title elementor-tab-mobile-title\" aria-selected=\"true\" data-tab=\"1\" role=\"tab\" tabindex=\"0\" aria-controls=\"elementor-tab-content-2071\" aria-expanded=\"false\">Edici\u00f3n 2024<\/div>\n\t\t\t\t\t<div id=\"elementor-tab-content-2071\" class=\"elementor-tab-content elementor-clearfix\" data-tab=\"1\" role=\"tabpanel\" aria-labelledby=\"elementor-tab-title-2071\" tabindex=\"0\" hidden=\"false\"><p>Aqu\u00ed se publicar\u00e1 la revista<\/p><\/div>\n\t\t\t\t\t\t\t\t\t<div class=\"elementor-tab-title elementor-tab-mobile-title\" aria-selected=\"false\" data-tab=\"2\" role=\"tab\" tabindex=\"-1\" aria-controls=\"elementor-tab-content-2072\" aria-expanded=\"false\">Edici\u00f3n 2025<\/div>\n\t\t\t\t\t<div id=\"elementor-tab-content-2072\" class=\"elementor-tab-content elementor-clearfix\" data-tab=\"2\" role=\"tabpanel\" aria-labelledby=\"elementor-tab-title-2072\" tabindex=\"0\" hidden=\"hidden\"><p>Aqu\u00ed se publicar\u00e1 la revista.<\/p><\/div>\n\t\t\t\t\t\t\t<\/div>\n\t\t<\/div>\n\t\t\t\t<\/div>\n\t\t\t\t<\/div>\n\t\t\t\t\t<\/div>\n\t\t\t\t<\/div>\n\t\t\t\t<\/div>\n\t\t","protected":false},"excerpt":{"rendered":"<p>\u00abHorizontes Basadrinos\u00bb \u00abHorizontes Basadrinos\u00bb es una revista educativa orientada a promover el pensamiento cr\u00edtico, el an\u00e1lisis profundo y la difusi\u00f3n de la educaci\u00f3n desde una perspectiva humanista e hist\u00f3rica, inspirada en la figura de Jorge Basadre, uno de los m\u00e1s influyentes historiadores y educadores peruanos. Esta\u00a0revista promueve un espacio de reflexi\u00f3n para docentes, estudiantes y&hellip;&nbsp;<a href=\"https:\/\/www.iejbasadre.edu.pe\/Sitiow\/revista-institucional\/\" class=\"\" rel=\"bookmark\">Leer m\u00e1s &raquo;<span class=\"screen-reader-text\">Revista institucional<\/span><\/a><\/p>\n","protected":false},"author":1,"featured_media":0,"parent":0,"menu_order":0,"comment_status":"closed","ping_status":"closed","template":"page-templates\/template-pagebuilder-full-width.php","meta":{"neve_meta_sidebar":"","neve_meta_container":"","neve_meta_enable_content_width":"","neve_meta_content_width":0,"neve_meta_title_alignment":"","neve_meta_author_avatar":"","neve_post_elements_order":"","neve_meta_disable_header":"","neve_meta_disable_footer":"","neve_meta_disable_title":"","footnotes":""},"class_list":["post-164","page","type-page","status-publish","hentry"],"_links":{"self":[{"href":"https:\/\/www.iejbasadre.edu.pe\/Sitiow\/wp-json\/wp\/v2\/pages\/164","targetHints":{"allow":["GET"]}}],"collection":[{"href":"https:\/\/www.iejbasadre.edu.pe\/Sitiow\/wp-json\/wp\/v2\/pages"}],"about":[{"href":"https:\/\/www.iejbasadre.edu.pe\/Sitiow\/wp-json\/wp\/v2\/types\/page"}],"author":[{"embeddable":true,"href":"https:\/\/www.iejbasadre.edu.pe\/Sitiow\/wp-json\/wp\/v2\/users\/1"}],"replies":[{"embeddable":true,"href":"https:\/\/www.iejbasadre.edu.pe\/Sitiow\/wp-json\/wp\/v2\/comments?post=164"}],"version-history":[{"count":7,"href":"https:\/\/www.iejbasadre.edu.pe\/Sitiow\/wp-json\/wp\/v2\/pages\/164\/revisions"}],"predecessor-version":[{"id":173,"href":"https:\/\/www.iejbasadre.edu.pe\/Sitiow\/wp-json\/wp\/v2\/pages\/164\/revisions\/173"}],"wp:attachment":[{"href":"https:\/\/www.iejbasadre.edu.pe\/Sitiow\/wp-json\/wp\/v2\/media?parent=164"}],"curies":[{"name":"wp","href":"https:\/\/api.w.org\/{rel}","templated":true}]}}